{"id":58,"date":"2025-03-18T23:42:03","date_gmt":"2025-03-18T22:42:03","guid":{"rendered":"https:\/\/javierastudio.kursopro.com\/?page_id=58"},"modified":"2026-04-16T11:18:05","modified_gmt":"2026-04-16T17:18:05","slug":"terminos-condiciones","status":"publish","type":"page","link":"https:\/\/javieraacademy.com\/terminos-condiciones\/","title":{"rendered":"T\u00e9rminos y Condiciones"},"content":{"rendered":"\t\t<div data-elementor-type=\"wp-page\" data-elementor-id=\"58\" class=\"elementor elementor-58\" data-elementor-post-type=\"page\">\n\t\t\t\t<div class=\"elementor-element elementor-element-f6eb6f2 e-flex e-con-boxed e-con e-parent\" data-id=\"f6eb6f2\" data-element_type=\"container\" data-e-type=\"container\" data-settings=\"{&quot;background_background&quot;:&quot;classic&quot;}\">\n\t\t\t\t\t<div class=\"e-con-inner\">\n\t\t\t\t<div class=\"elementor-element elementor-element-c91e699 elementor-widget elementor-widget-heading\" data-id=\"c91e699\" data-element_type=\"widget\" data-e-type=\"widget\" data-widget_type=\"heading.default\">\n\t\t\t\t\t<h1 class=\"elementor-heading-title elementor-size-default\">T\u00e9rminos y Condiciones<\/h1>\t\t\t\t<\/div>\n\t\t\t\t\t<\/div>\n\t\t\t\t<\/div>\n\t\t<div class=\"elementor-element elementor-element-378f110 e-flex e-con-boxed e-con e-parent\" data-id=\"378f110\" data-element_type=\"container\" data-e-type=\"container\" data-settings=\"{&quot;background_background&quot;:&quot;classic&quot;}\">\n\t\t\t\t\t<div class=\"e-con-inner\">\n\t\t\t\t<div class=\"elementor-element elementor-element-178aa2b elementor-widget elementor-widget-text-editor\" data-id=\"178aa2b\" data-element_type=\"widget\" data-e-type=\"widget\" data-widget_type=\"text-editor.default\">\n\t\t\t\t\t\t\t\t\t<p><span style=\"font-weight: 400\"><strong>Javiera Academy<\/strong> es una plataforma de formaci\u00f3n online dedicada a la ense\u00f1anza de contenidos relacionados con la peluquer\u00eda y gesti\u00f3n de negocios en la industria de la belleza. <\/span><span style=\"font-weight: 400\">Al acceder y comprar cualquiera de nuestros cursos, el usuario acepta los presentes t\u00e9rminos y condiciones.<\/span><\/p><p>\u00a0<\/p><h3><b>1. Uso de la Plataforma<\/b><\/h3><ul><li><span style=\"font-weight: 400\">Solo puedes acceder a los cursos con una cuenta v\u00e1lida.<\/span><\/li><li><span style=\"font-weight: 400\">Est\u00e1 prohibido compartir credenciales o revender cursos<\/span><\/li><\/ul><h3><b>2. Seguridad y Responsabilidad<\/b><\/h3><ul><li><span style=\"font-weight: 400\">\u00a0Implementamos medidas de <\/span><b>seguridad avanzadas<\/b><span style=\"font-weight: 400\"> para proteger tu informaci\u00f3n. Sin embargo, no somos responsables de fallos externos de terceros o ataques inform\u00e1ticos.<\/span><\/li><\/ul><p><strong style=\"font-size: 16px\"><span style=\"font-size: 16px\">3. <\/span><\/strong><b>Modalidad del servicio<\/b><\/p><ul><li><span style=\"font-weight: 400\">Todos los cursos ofrecidos en Javiera Academy son en formato online y pregrabados, disponibles a trav\u00e9s de nuestra plataforma digital.<\/span><\/li><li><span style=\"font-weight: 400\">El acceso al contenido es personal, intransferible y v\u00e1lido por un per\u00edodo de 365 d\u00edas desde la fecha de compra.<\/span><\/li><\/ul><p><strong>4. Acceso a la plataforma<\/strong><\/p><ul><li><span style=\"font-weight: 400\">Una vez confirmado el pago, el usuario recibir\u00e1 un correo electr\u00f3nico con las instrucciones de acceso.<\/span><\/li><li><span style=\"font-weight: 400\">Es responsabilidad del usuario proporcionar correctamente sus datos y resguardar sus credenciales de acceso.<\/span><\/li><\/ul><p>\u00a0<\/p><p><strong>5. Uso del contenido<\/strong><\/p><ul><li><span style=\"font-weight: 400\">Todo el contenido disponible en la plataforma (videos, materiales, textos, recursos) es propiedad de Javiera Academy.<\/span><\/li><li><span style=\"font-weight: 400\">Queda estrictamente prohibida su reproducci\u00f3n, distribuci\u00f3n, venta o uso comercial sin autorizaci\u00f3n previa.<\/span><\/li><\/ul><p><strong>6. Pol\u00edtica de pagos<\/strong><\/p><ul><li><span style=\"font-weight: 400\">El acceso a los cursos se otorga \u00fanicamente una vez confirmado el pago completo del servicio.<\/span><\/li><li><span style=\"font-weight: 400\">Los precios pueden variar sin previo aviso, as\u00ed como las promociones o packs disponibles.<\/span><\/li><\/ul><p>\u00a0<\/p><p><strong>7. Pol\u00edtica de devoluciones<\/strong><\/p><ul><li><span style=\"font-weight: 400\">Debido a la naturaleza digital de los productos, no se realizan devoluciones ni reembolsos una vez realizada la compra.<\/span><\/li><li><span style=\"font-weight: 400\">Se recomienda revisar detalladamente la informaci\u00f3n del curso antes de adquirirlo.<\/span><\/li><\/ul><p>\u00a0<\/p><p><strong>8. Soporte y acompa\u00f1amiento<\/strong><\/p><ul><li><span style=\"font-weight: 400\">Los usuarios podr\u00e1n realizar consultas a trav\u00e9s de los canales oficiales habilitados, como WhatsApp.<\/span><\/li><li><span style=\"font-weight: 400\">Las respuestas ser\u00e1n entregadas por el mentor correspondiente en el horario de Lunes a viernes de 10:00 a 19:00hrs (Excepto feriados)<\/span><\/li><\/ul><p><strong>9. Clases en vivo<\/strong><\/p><ul><li><span style=\"font-weight: 400\">Javiera Academy podr\u00e1 ofrecer clases en vivo gratuitas como complemento, las cuales no forman parte obligatoria del contenido adquirido y pueden estar sujetas a cambios.<\/span><\/li><\/ul><p><strong>10. Responsabilidad del usuario<\/strong><\/p><ul><li><span style=\"font-weight: 400\">El usuario es responsable del uso que haga del contenido y de la aplicaci\u00f3n de los conocimientos adquiridos.<\/span><\/li><li><span style=\"font-weight: 400\">Javiera Academy no garantiza resultados espec\u00edficos, ya que estos dependen del compromiso y contexto de cada alumno.<\/span><\/li><\/ul><p><strong>11. Modificaciones<\/strong><\/p><ul><li><span style=\"font-weight: 400\">Javiera Academy se reserva el derecho de modificar estos t\u00e9rminos y condiciones en cualquier momento, los cambios ser\u00e1n publicados en esta misma p\u00e1gina.<\/span><\/li><\/ul><p><strong>12. Protecci\u00f3n de datos<\/strong><\/p><ul><li><span style=\"font-weight: 400\">La informaci\u00f3n personal proporcionada por los usuarios ser\u00e1 tratada de forma confidencial y utilizada \u00fanicamente para fines relacionados con la prestaci\u00f3n del servicio.<\/span><\/li><\/ul><p><strong>13. Contacto<\/strong><\/p><ul><li><span style=\"font-weight: 400\">Para consultas, soporte o informaci\u00f3n adicional, los usuarios pueden comunicarse a trav\u00e9s de los canales oficiales indicados en la plataforma.<\/span><\/li><\/ul>\t\t\t\t\t\t\t\t<\/div>\n\t\t\t\t\t<\/div>\n\t\t\t\t<\/div>\n\t\t<div class=\"elementor-element elementor-element-a4b2523 e-flex e-con-boxed e-con e-parent\" data-id=\"a4b2523\" data-element_type=\"container\" data-e-type=\"container\" data-settings=\"{&quot;background_background&quot;:&quot;classic&quot;}\">\n\t\t\t\t\t<div class=\"e-con-inner\">\n\t\t\t\t<div class=\"elementor-element elementor-element-3feb766 elementor-view-default elementor-position-block-start elementor-mobile-position-block-start elementor-widget elementor-widget-icon-box\" data-id=\"3feb766\" data-element_type=\"widget\" data-e-type=\"widget\" data-widget_type=\"icon-box.default\">\n\t\t\t\t\t\t\t<div class=\"elementor-icon-box-wrapper\">\n\n\t\t\t\t\t\t<div class=\"elementor-icon-box-icon\">\n\t\t\t\t<span  class=\"elementor-icon\">\n\t\t\t\t<svg aria-hidden=\"true\" class=\"e-font-icon-svg e-fas-check-double\" viewBox=\"0 0 512 512\" xmlns=\"http:\/\/www.w3.org\/2000\/svg\"><path d=\"M505 174.8l-39.6-39.6c-9.4-9.4-24.6-9.4-33.9 0L192 374.7 80.6 263.2c-9.4-9.4-24.6-9.4-33.9 0L7 302.9c-9.4 9.4-9.4 24.6 0 34L175 505c9.4 9.4 24.6 9.4 33.9 0l296-296.2c9.4-9.5 9.4-24.7.1-34zm-324.3 106c6.2 6.3 16.4 6.3 22.6 0l208-208.2c6.2-6.3 6.2-16.4 0-22.6L366.1 4.7c-6.2-6.3-16.4-6.3-22.6 0L192 156.2l-55.4-55.5c-6.2-6.3-16.4-6.3-22.6 0L68.7 146c-6.2 6.3-6.2 16.4 0 22.6l112 112.2z\"><\/path><\/svg>\t\t\t\t<\/span>\n\t\t\t<\/div>\n\t\t\t\n\t\t\t\t\t\t<div class=\"elementor-icon-box-content\">\n\n\t\t\t\t\t\t\t\t\t<h2 class=\"elementor-icon-box-title\">\n\t\t\t\t\t\t<span  >\n\t\t\t\t\t\t\t Al usar nuestros servicios, aceptas estos t\u00e9rminos y condiciones.\t\t\t\t\t\t<\/span>\n\t\t\t\t\t<\/h2>\n\t\t\t\t\n\t\t\t\t\t\t\t\t\t<p class=\"elementor-icon-box-description\">\n\t\t\t\t\t\t\u00daltima actualizaci\u00f3n: 16\/04\/2026\t\t\t\t\t<\/p>\n\t\t\t\t\n\t\t\t<\/div>\n\t\t\t\n\t\t<\/div>\n\t\t\t\t\t\t<\/div>\n\t\t\t\t\t<\/div>\n\t\t\t\t<\/div>\n\t\t\t\t<\/div>\n\t\t","protected":false},"excerpt":{"rendered":"<p>T\u00e9rminos y Condiciones Javiera Academy es una plataforma de formaci\u00f3n online dedicada a la ense\u00f1anza de contenidos relacionados con la [&hellip;]<\/p>\n","protected":false},"author":4,"featured_media":0,"parent":0,"menu_order":6,"comment_status":"closed","ping_status":"closed","template":"elementor_header_footer","meta":{"_kpf_exit_popup_enabled":"","_kpf_exit_popup_mode":"","_kpf_exit_popup_design":"","_kpf_exit_popup_title":"","_kpf_exit_popup_description":"","_kpf_exit_popup_btn_text":"","_kpf_exit_popup_btn_url":"","_kpf_exit_popup_dismiss_text":"","_kpf_exit_popup_form_id":"","_kpf_exit_popup_success_msg":"","_kpf_exit_popup_color":"","_kpf_exit_popup_color2":"","_kpf_exit_popup_image":"","_kpf_exit_popup_badge":"","_kpf_exit_popup_countdown":"","site-sidebar-layout":"no-sidebar","site-content-layout":"","ast-site-content-layout":"full-width-container","site-content-style":"default","site-sidebar-style":"default","ast-global-header-display":"","ast-banner-title-visibility":"","ast-main-header-display":"","ast-hfb-above-header-display":"","ast-hfb-below-header-display":"","ast-hfb-mobile-header-display":"","site-post-title":"disabled","ast-breadcrumbs-content":"","ast-featured-img":"disabled","footer-sml-layout":"","ast-disable-related-posts":"","theme-transparent-header-meta":"","adv-header-id-meta":"","stick-header-meta":"","header-above-stick-meta":"","header-main-stick-meta":"","header-below-stick-meta":"","astra-migrate-meta-layouts":"default","ast-page-background-enabled":"default","ast-page-background-meta":{"desktop":{"background-color":"var(--ast-global-color-5)","background-image":"","background-repeat":"repeat","background-position":"center center","background-size":"auto","background-attachment":"scroll","background-type":"","background-media":"","overlay-type":"","overlay-color":"","overlay-opacity":"","overlay-gradient":""},"tablet":{"background-color":"","background-image":"","background-repeat":"repeat","background-position":"center center","background-size":"auto","background-attachment":"scroll","background-type":"","background-media":"","overlay-type":"","overlay-color":"","overlay-opacity":"","overlay-gradient":""},"mobile":{"background-color":"","background-image":"","background-repeat":"repeat","background-position":"center center","background-size":"auto","background-attachment":"scroll","background-type":"","background-media":"","overlay-type":"","overlay-color":"","overlay-opacity":"","overlay-gradient":""}},"ast-content-background-meta":{"desktop":{"background-color":"var(--ast-global-color-4)","background-image":"","background-repeat":"repeat","background-position":"center center","background-size":"auto","background-attachment":"scroll","background-type":"","background-media":"","overlay-type":"","overlay-color":"","overlay-opacity":"","overlay-gradient":""},"tablet":{"background-color":"var(--ast-global-color-4)","background-image":"","background-repeat":"repeat","background-position":"center center","background-size":"auto","background-attachment":"scroll","background-type":"","background-media":"","overlay-type":"","overlay-color":"","overlay-opacity":"","overlay-gradient":""},"mobile":{"background-color":"var(--ast-global-color-4)","background-image":"","background-repeat":"repeat","background-position":"center center","background-size":"auto","background-attachment":"scroll","background-type":"","background-media":"","overlay-type":"","overlay-color":"","overlay-opacity":"","overlay-gradient":""}},"_joinchat":[],"footnotes":""},"class_list":["post-58","page","type-page","status-publish","hentry"],"_links":{"self":[{"href":"https:\/\/javieraacademy.com\/index.php?rest_route=\/wp\/v2\/pages\/58","targetHints":{"allow":["GET"]}}],"collection":[{"href":"https:\/\/javieraacademy.com\/index.php?rest_route=\/wp\/v2\/pages"}],"about":[{"href":"https:\/\/javieraacademy.com\/index.php?rest_route=\/wp\/v2\/types\/page"}],"author":[{"embeddable":true,"href":"https:\/\/javieraacademy.com\/index.php?rest_route=\/wp\/v2\/users\/4"}],"replies":[{"embeddable":true,"href":"https:\/\/javieraacademy.com\/index.php?rest_route=%2Fwp%2Fv2%2Fcomments&post=58"}],"version-history":[{"count":5,"href":"https:\/\/javieraacademy.com\/index.php?rest_route=\/wp\/v2\/pages\/58\/revisions"}],"predecessor-version":[{"id":13599,"href":"https:\/\/javieraacademy.com\/index.php?rest_route=\/wp\/v2\/pages\/58\/revisions\/13599"}],"wp:attachment":[{"href":"https:\/\/javieraacademy.com\/index.php?rest_route=%2Fwp%2Fv2%2Fmedia&parent=58"}],"curies":[{"name":"wp","href":"https:\/\/api.w.org\/{rel}","templated":true}]}}